{"id":151,"date":"2009-01-23T10:16:44","date_gmt":"2009-01-23T09:16:44","guid":{"rendered":"http:\/\/www.dagmar-venohr.de\/wordpress_neu\/?page_id=151"},"modified":"2023-01-27T19:24:07","modified_gmt":"2023-01-27T18:24:07","slug":"topics","status":"publish","type":"page","link":"http:\/\/www.dagmar-venohr.de\/wordpress498\/?page_id=151","title":{"rendered":"THEMEN"},"content":{"rendered":"<p><!--StartFragment--><\/p>\n<p class=\"MsoNormal\" style=\"text-align: left;\"><span style=\"text-decoration: underline;\"><a href=\"http:\/\/www.dagmar-venohr.de\/wordpress_neu\/wp-content\/uploads\/2009\/01\/venohr-artaud-zeigefinger1.jpg\"><img loading=\"lazy\" decoding=\"async\" class=\"alignnone size-medium wp-image-329\" title=\"venohr-artaud-zeigefinger1\" src=\"http:\/\/www.dagmar-venohr.de\/wordpress_neu\/wp-content\/uploads\/2009\/01\/venohr-artaud-zeigefinger1-337x600.jpg\" alt=\"\" width=\"337\" height=\"600\" \/><\/a><\/span><\/p>\n<p>&nbsp;<\/p>\n<p>&nbsp;<\/p>\n<p>&nbsp;<\/p>\n<p>&nbsp;<\/p>\n<p>&nbsp;<\/p>\n<p>&nbsp;<\/p>\n<p>&nbsp;<\/p>\n<p>&nbsp;<\/p>\n<p>&nbsp;<\/p>\n<p>&nbsp;<\/p>\n<p>&nbsp;<\/p>\n<p>&nbsp;<\/p>\n<p>&nbsp;<\/p>\n<p>&nbsp;<\/p>\n<p>&nbsp;<\/p>\n<p>&nbsp;<\/p>\n<p>&nbsp;<\/p>\n<p style=\"text-align: left;\"><strong>MODE \u00a0 \u00a0 \u00a0 \u00a0 \u00a0<span style=\"font-weight: normal;\">Fashion Studies, Modetheorien, Modegeschichte,\u00a0Textilstudien \u00a0<\/span><\/strong><br \/>\n<strong>MEDIEN \u00a0 \u00a0 \u00a0 <span style=\"font-weight: normal;\">Transmedialit\u00e4t, Ikonotextualit\u00e4t, Materialit\u00e4t, Textilit\u00e4t<\/span><\/strong><\/p>\n<p style=\"text-align: left;\"><strong>KULTUR \u00a0 \u00a0 \u00a0\u00a0<span style=\"font-weight: normal;\">Materielle Kultur, Kulturanthropologie, Cultural Studies, Counter Cultures<\/span><\/strong><br \/>\n<strong>KUNST \u00a0 \u00a0 \u00a0 \u00a0 <span style=\"font-weight: normal;\">Rezeptions\u00e4sthetik, Aisthetik, \u00c4sthetische Funktion, Textilkunst\u00a0<\/span><\/strong><\/p>\n<p><strong>THEORIE \u00a0 \u00a0 \u00a0<span style=\"font-weight: normal;\">Poststrukturalismus, Postfeminismus, Posthumanismus<\/span><\/strong><br \/>\n<strong>PRAXIS \u00a0 \u00a0 \u00a0 \u00a0<span style=\"font-weight: normal;\">Modejournalismus, Textile Konzeptkunst, DIY, Hand-Arbeiten<\/span><\/strong><\/p>\n<p><!--EndFragment--><\/p>\n","protected":false},"excerpt":{"rendered":"<p>&nbsp; &nbsp; &nbsp; &nbsp; &nbsp; &nbsp; &nbsp; &nbsp; &nbsp; &nbsp; &nbsp; &nbsp; &nbsp; &nbsp; &nbsp; &nbsp; &nbsp; MODE \u00a0 \u00a0 \u00a0 \u00a0 \u00a0Fashion Studies, Modetheorien, Modegeschichte,\u00a0Textilstudien \u00a0 MEDIEN \u00a0 \u00a0 \u00a0 Transmedialit\u00e4t, Ikonotextualit\u00e4t, Materialit\u00e4t, Textilit\u00e4t KULTUR \u00a0 \u00a0 \u00a0\u00a0Materielle Kultur, Kulturanthropologie, Cultural Studies, Counter Cultures KUNST \u00a0 \u00a0 \u00a0 \u00a0 Rezeptions\u00e4sthetik, Aisthetik, \u00c4sthetische Funktion, Textilkunst\u00a0 [&hellip;]<\/p>\n","protected":false},"author":1,"featured_media":0,"parent":0,"menu_order":0,"comment_status":"closed","ping_status":"open","template":"","meta":{"footnotes":""},"class_list":["post-151","page","type-page","status-publish","hentry"],"_links":{"self":[{"href":"http:\/\/www.dagmar-venohr.de\/wordpress498\/index.php?rest_route=\/wp\/v2\/pages\/151","targetHints":{"allow":["GET"]}}],"collection":[{"href":"http:\/\/www.dagmar-venohr.de\/wordpress498\/index.php?rest_route=\/wp\/v2\/pages"}],"about":[{"href":"http:\/\/www.dagmar-venohr.de\/wordpress498\/index.php?rest_route=\/wp\/v2\/types\/page"}],"author":[{"embeddable":true,"href":"http:\/\/www.dagmar-venohr.de\/wordpress498\/index.php?rest_route=\/wp\/v2\/users\/1"}],"replies":[{"embeddable":true,"href":"http:\/\/www.dagmar-venohr.de\/wordpress498\/index.php?rest_route=%2Fwp%2Fv2%2Fcomments&post=151"}],"version-history":[{"count":37,"href":"http:\/\/www.dagmar-venohr.de\/wordpress498\/index.php?rest_route=\/wp\/v2\/pages\/151\/revisions"}],"predecessor-version":[{"id":1133,"href":"http:\/\/www.dagmar-venohr.de\/wordpress498\/index.php?rest_route=\/wp\/v2\/pages\/151\/revisions\/1133"}],"wp:attachment":[{"href":"http:\/\/www.dagmar-venohr.de\/wordpress498\/index.php?rest_route=%2Fwp%2Fv2%2Fmedia&parent=151"}],"curies":[{"name":"wp","href":"https:\/\/api.w.org\/{rel}","templated":true}]}}