{"id":1074,"date":"2022-07-17T21:37:14","date_gmt":"2022-07-17T19:37:14","guid":{"rendered":"http:\/\/www.dagmar-venohr.de\/wordpress498\/?page_id=1074"},"modified":"2023-01-05T18:39:50","modified_gmt":"2023-01-05T17:39:50","slug":"1074-2","status":"publish","type":"page","link":"https:\/\/www.dagmar-venohr.de\/wordpress652\/?page_id=1074","title":{"rendered":"lauben"},"content":{"rendered":"<p><img loading=\"lazy\" decoding=\"async\" class=\"alignnone wp-image-1075\" src=\"http:\/\/www.dagmar-venohr.de\/wordpress498\/wp-content\/uploads\/2022\/07\/IMG_2432-450x600.jpg\" alt=\"\" width=\"497\" height=\"662\" srcset=\"https:\/\/www.dagmar-venohr.de\/wordpress652\/wp-content\/uploads\/2022\/07\/IMG_2432-450x600.jpg 450w, https:\/\/www.dagmar-venohr.de\/wordpress652\/wp-content\/uploads\/2022\/07\/IMG_2432-768x1024.jpg 768w, https:\/\/www.dagmar-venohr.de\/wordpress652\/wp-content\/uploads\/2022\/07\/IMG_2432-153x204.jpg 153w, https:\/\/www.dagmar-venohr.de\/wordpress652\/wp-content\/uploads\/2022\/07\/IMG_2432-1152x1536.jpg 1152w, https:\/\/www.dagmar-venohr.de\/wordpress652\/wp-content\/uploads\/2022\/07\/IMG_2432-1536x2048.jpg 1536w, https:\/\/www.dagmar-venohr.de\/wordpress652\/wp-content\/uploads\/2022\/07\/IMG_2432-scaled.jpg 1920w\" sizes=\"auto, (max-width: 497px) 100vw, 497px\" \/><\/p>\n<p><i>Ich geh im Urwald f\u00fcr mich hin &#8211;<\/i><\/p>\n<p><i>Wie sch\u00f6n, dass ich im Urwald bin:<\/i><\/p>\n<p>Mensch<i>kann hier noch so lange wandern,<\/i><\/p>\n<p><i>ein Urbaum steht neben dem andern.<\/i><\/p>\n<p><i>Und an den B\u00e4umen, Blatt f\u00fcr Blatt,<\/i><i>\u200b<\/i><\/p>\n<p><i>h\u00e4ngt Urlaub. Sch\u00f6n, dass <\/i>mensch\u00a0<i>ihn hat.<\/i><\/p>\n<p><span style=\"font-family: Segoe UI, sans-serif; font-size: xx-small;\">(Im Original von Heinz Erhardt, etwas vermenscht!)<\/span><\/p>\n","protected":false},"excerpt":{"rendered":"<p>Ich geh im Urwald f\u00fcr mich hin &#8211; Wie sch\u00f6n, dass ich im Urwald bin: Menschkann hier noch so lange wandern, ein Urbaum steht neben dem andern. Und an den B\u00e4umen, Blatt f\u00fcr Blatt,\u200b h\u00e4ngt Urlaub. Sch\u00f6n, dass mensch\u00a0ihn hat. (Im Original von Heinz Erhardt, etwas vermenscht!)<\/p>\n","protected":false},"author":1,"featured_media":0,"parent":914,"menu_order":1,"comment_status":"closed","ping_status":"closed","template":"","meta":{"footnotes":""},"class_list":["post-1074","page","type-page","status-publish","hentry"],"_links":{"self":[{"href":"https:\/\/www.dagmar-venohr.de\/wordpress652\/index.php?rest_route=\/wp\/v2\/pages\/1074","targetHints":{"allow":["GET"]}}],"collection":[{"href":"https:\/\/www.dagmar-venohr.de\/wordpress652\/index.php?rest_route=\/wp\/v2\/pages"}],"about":[{"href":"https:\/\/www.dagmar-venohr.de\/wordpress652\/index.php?rest_route=\/wp\/v2\/types\/page"}],"author":[{"embeddable":true,"href":"https:\/\/www.dagmar-venohr.de\/wordpress652\/index.php?rest_route=\/wp\/v2\/users\/1"}],"replies":[{"embeddable":true,"href":"https:\/\/www.dagmar-venohr.de\/wordpress652\/index.php?rest_route=%2Fwp%2Fv2%2Fcomments&post=1074"}],"version-history":[{"count":11,"href":"https:\/\/www.dagmar-venohr.de\/wordpress652\/index.php?rest_route=\/wp\/v2\/pages\/1074\/revisions"}],"predecessor-version":[{"id":1107,"href":"https:\/\/www.dagmar-venohr.de\/wordpress652\/index.php?rest_route=\/wp\/v2\/pages\/1074\/revisions\/1107"}],"up":[{"embeddable":true,"href":"https:\/\/www.dagmar-venohr.de\/wordpress652\/index.php?rest_route=\/wp\/v2\/pages\/914"}],"wp:attachment":[{"href":"https:\/\/www.dagmar-venohr.de\/wordpress652\/index.php?rest_route=%2Fwp%2Fv2%2Fmedia&parent=1074"}],"curies":[{"name":"wp","href":"https:\/\/api.w.org\/{rel}","templated":true}]}}