{"id":1100,"date":"2023-01-05T18:30:12","date_gmt":"2023-01-05T17:30:12","guid":{"rendered":"http:\/\/www.dagmar-venohr.de\/wordpress498\/?page_id=1100"},"modified":"2023-01-05T18:32:34","modified_gmt":"2023-01-05T17:32:34","slug":"schilfbruch","status":"publish","type":"page","link":"https:\/\/www.dagmar-venohr.de\/wordpress652\/?page_id=1100","title":{"rendered":"Schilfbruch"},"content":{"rendered":"<p><img loading=\"lazy\" decoding=\"async\" class=\"alignnone wp-image-1101\" src=\"http:\/\/www.dagmar-venohr.de\/wordpress498\/wp-content\/uploads\/2023\/01\/Schilfbruch-600x387.jpg\" alt=\"\" width=\"484\" height=\"312\" srcset=\"https:\/\/www.dagmar-venohr.de\/wordpress652\/wp-content\/uploads\/2023\/01\/Schilfbruch-600x387.jpg 600w, https:\/\/www.dagmar-venohr.de\/wordpress652\/wp-content\/uploads\/2023\/01\/Schilfbruch-1024x661.jpg 1024w, https:\/\/www.dagmar-venohr.de\/wordpress652\/wp-content\/uploads\/2023\/01\/Schilfbruch-316x204.jpg 316w, https:\/\/www.dagmar-venohr.de\/wordpress652\/wp-content\/uploads\/2023\/01\/Schilfbruch-1536x992.jpg 1536w, https:\/\/www.dagmar-venohr.de\/wordpress652\/wp-content\/uploads\/2023\/01\/Schilfbruch-2048x1322.jpg 2048w\" sizes=\"auto, (max-width: 484px) 100vw, 484px\" \/><\/p>\n<p style=\"font-weight: 400;\">Kann keine w\u00e4rmende Kachel schenken,<\/p>\n<p>nur an eine besonders fr\u00f6hliche Fliese denken,<\/p>\n<p>aus Scherbenschlick erwachsen.<\/p>\n<p>Soll schilfbr\u00fcchige Welten mitteilen,<\/p>\n<p>endlich Widerfahrendes anerkennen,<\/p>\n<p>K\u00fcnftiges geduldig hervor warten.<\/p>\n<p>Will Schlupfl\u00f6cher in die Luft starren,<\/p>\n<p>fl\u00fcchtig neben mir stehend hinein waten<\/p>\n<p>und Frohmut herbeisehnen.<\/p>\n<p>Schilfz\u00fcge zeichnen das Kommende und vergehen.<\/p>\n<p>Warum sieben Wolken suchen,<\/p>\n<p>wo doch so achtsame Winde wehen.<\/p>\n<p>Bei Ebbe flussvorw\u00e4rts schwimmend<\/p>\n<p>schaukeln Schiffe schweigend<\/p>\n<p>meinen best\u00e4ndig st\u00fcrmenden Verstand.<\/p>\n<p>Ich bin so weit, bereits so weg und<\/p>\n<p>lange schon auf keinem erkannten Weg &#8230;<\/p>\n","protected":false},"excerpt":{"rendered":"<p>Kann keine w\u00e4rmende Kachel schenken, nur an eine besonders fr\u00f6hliche Fliese denken, aus Scherbenschlick erwachsen. Soll schilfbr\u00fcchige Welten mitteilen, endlich Widerfahrendes anerkennen, K\u00fcnftiges geduldig hervor warten. Will Schlupfl\u00f6cher in die Luft starren, fl\u00fcchtig neben mir stehend hinein waten und Frohmut herbeisehnen. Schilfz\u00fcge zeichnen das Kommende und vergehen. Warum sieben Wolken suchen, wo doch so achtsame [&hellip;]<\/p>\n","protected":false},"author":1,"featured_media":0,"parent":0,"menu_order":1,"comment_status":"closed","ping_status":"closed","template":"","meta":{"footnotes":""},"class_list":["post-1100","page","type-page","status-publish","hentry"],"_links":{"self":[{"href":"https:\/\/www.dagmar-venohr.de\/wordpress652\/index.php?rest_route=\/wp\/v2\/pages\/1100","targetHints":{"allow":["GET"]}}],"collection":[{"href":"https:\/\/www.dagmar-venohr.de\/wordpress652\/index.php?rest_route=\/wp\/v2\/pages"}],"about":[{"href":"https:\/\/www.dagmar-venohr.de\/wordpress652\/index.php?rest_route=\/wp\/v2\/types\/page"}],"author":[{"embeddable":true,"href":"https:\/\/www.dagmar-venohr.de\/wordpress652\/index.php?rest_route=\/wp\/v2\/users\/1"}],"replies":[{"embeddable":true,"href":"https:\/\/www.dagmar-venohr.de\/wordpress652\/index.php?rest_route=%2Fwp%2Fv2%2Fcomments&post=1100"}],"version-history":[{"count":6,"href":"https:\/\/www.dagmar-venohr.de\/wordpress652\/index.php?rest_route=\/wp\/v2\/pages\/1100\/revisions"}],"predecessor-version":[{"id":1108,"href":"https:\/\/www.dagmar-venohr.de\/wordpress652\/index.php?rest_route=\/wp\/v2\/pages\/1100\/revisions\/1108"}],"wp:attachment":[{"href":"https:\/\/www.dagmar-venohr.de\/wordpress652\/index.php?rest_route=%2Fwp%2Fv2%2Fmedia&parent=1100"}],"curies":[{"name":"wp","href":"https:\/\/api.w.org\/{rel}","templated":true}]}}