{"id":253,"date":"2009-01-27T20:34:50","date_gmt":"2009-01-27T19:34:50","guid":{"rendered":"http:\/\/www.dagmar-venohr.de\/wordpress_neu\/?page_id=253"},"modified":"2023-01-05T18:36:45","modified_gmt":"2023-01-05T17:36:45","slug":"zitat","status":"publish","type":"page","link":"https:\/\/www.dagmar-venohr.de\/wordpress652\/","title":{"rendered":"schilfbruch"},"content":{"rendered":"<p><img loading=\"lazy\" decoding=\"async\" class=\"alignnone wp-image-1101\" src=\"http:\/\/www.dagmar-venohr.de\/wordpress498\/wp-content\/uploads\/2023\/01\/Schilfbruch-600x387.jpg\" alt=\"\" width=\"501\" height=\"323\" srcset=\"https:\/\/www.dagmar-venohr.de\/wordpress652\/wp-content\/uploads\/2023\/01\/Schilfbruch-600x387.jpg 600w, https:\/\/www.dagmar-venohr.de\/wordpress652\/wp-content\/uploads\/2023\/01\/Schilfbruch-1024x661.jpg 1024w, https:\/\/www.dagmar-venohr.de\/wordpress652\/wp-content\/uploads\/2023\/01\/Schilfbruch-316x204.jpg 316w, https:\/\/www.dagmar-venohr.de\/wordpress652\/wp-content\/uploads\/2023\/01\/Schilfbruch-1536x992.jpg 1536w, https:\/\/www.dagmar-venohr.de\/wordpress652\/wp-content\/uploads\/2023\/01\/Schilfbruch-2048x1322.jpg 2048w\" sizes=\"auto, (max-width: 501px) 100vw, 501px\" \/><\/p>\n<p>&nbsp;<\/p>\n<p style=\"font-weight: 400;\">Kann keine w\u00e4rmende Kachel schenken,<\/p>\n<p>nur an eine besonders fr\u00f6hliche Fliese denken,<\/p>\n<p>aus Scherbenschlick erwachsen.<\/p>\n<p>&nbsp;<\/p>\n<p>Soll schilfbr\u00fcchige Welten mitteilen,<\/p>\n<p>endlich Widerfahrendes anerkennen,<\/p>\n<p>K\u00fcnftiges geduldig hervor warten.<\/p>\n<p>&nbsp;<\/p>\n<p>Will Schlupfl\u00f6cher in die Luft starren,<\/p>\n<p>fl\u00fcchtig neben mir stehend hinein waten<\/p>\n<p>und Frohmut herbeisehnen.<\/p>\n<p>&nbsp;<\/p>\n<p>Schilfz\u00fcge zeichnen das Kommende und vergehen.<\/p>\n<p>Warum sieben Wolken suchen,<\/p>\n<p>wo doch so achtsame Winde wehen.<\/p>\n<p>&nbsp;<\/p>\n<p>Bei Ebbe flussvorw\u00e4rts schwimmend<\/p>\n<p>schaukeln Schiffe schweigend<\/p>\n<p>meinen best\u00e4ndig st\u00fcrmenden Verstand.<\/p>\n<p>&nbsp;<\/p>\n<p>Ich bin so weit, bereits so weg und<\/p>\n<p>lange schon auf keinem erkannten Weg &#8230;<\/p>\n","protected":false},"excerpt":{"rendered":"<p>&nbsp; Kann keine w\u00e4rmende Kachel schenken, nur an eine besonders fr\u00f6hliche Fliese denken, aus Scherbenschlick erwachsen. &nbsp; Soll schilfbr\u00fcchige Welten mitteilen, endlich Widerfahrendes anerkennen, K\u00fcnftiges geduldig hervor warten. &nbsp; Will Schlupfl\u00f6cher in die Luft starren, fl\u00fcchtig neben mir stehend hinein waten und Frohmut herbeisehnen. &nbsp; Schilfz\u00fcge zeichnen das Kommende und vergehen. Warum sieben Wolken suchen, [&hellip;]<\/p>\n","protected":false},"author":1,"featured_media":0,"parent":914,"menu_order":0,"comment_status":"closed","ping_status":"closed","template":"","meta":{"footnotes":""},"class_list":["post-253","page","type-page","status-publish","hentry"],"_links":{"self":[{"href":"https:\/\/www.dagmar-venohr.de\/wordpress652\/index.php?rest_route=\/wp\/v2\/pages\/253","targetHints":{"allow":["GET"]}}],"collection":[{"href":"https:\/\/www.dagmar-venohr.de\/wordpress652\/index.php?rest_route=\/wp\/v2\/pages"}],"about":[{"href":"https:\/\/www.dagmar-venohr.de\/wordpress652\/index.php?rest_route=\/wp\/v2\/types\/page"}],"author":[{"embeddable":true,"href":"https:\/\/www.dagmar-venohr.de\/wordpress652\/index.php?rest_route=\/wp\/v2\/users\/1"}],"replies":[{"embeddable":true,"href":"https:\/\/www.dagmar-venohr.de\/wordpress652\/index.php?rest_route=%2Fwp%2Fv2%2Fcomments&post=253"}],"version-history":[{"count":118,"href":"https:\/\/www.dagmar-venohr.de\/wordpress652\/index.php?rest_route=\/wp\/v2\/pages\/253\/revisions"}],"predecessor-version":[{"id":1112,"href":"https:\/\/www.dagmar-venohr.de\/wordpress652\/index.php?rest_route=\/wp\/v2\/pages\/253\/revisions\/1112"}],"up":[{"embeddable":true,"href":"https:\/\/www.dagmar-venohr.de\/wordpress652\/index.php?rest_route=\/wp\/v2\/pages\/914"}],"wp:attachment":[{"href":"https:\/\/www.dagmar-venohr.de\/wordpress652\/index.php?rest_route=%2Fwp%2Fv2%2Fmedia&parent=253"}],"curies":[{"name":"wp","href":"https:\/\/api.w.org\/{rel}","templated":true}]}}