{"id":914,"date":"2019-12-19T10:25:35","date_gmt":"2019-12-19T09:25:35","guid":{"rendered":"http:\/\/www.dagmar-venohr.de\/wordpress498\/?page_id=914"},"modified":"2019-12-19T10:27:23","modified_gmt":"2019-12-19T09:27:23","slug":"naehe","status":"publish","type":"page","link":"https:\/\/www.dagmar-venohr.de\/wordpress652\/?page_id=914","title":{"rendered":"n\u00e4he"},"content":{"rendered":"<p><img loading=\"lazy\" decoding=\"async\" class=\"alignnone wp-image-902\" src=\"http:\/\/www.dagmar-venohr.de\/wordpress498\/wp-content\/uploads\/2019\/12\/IMG_0176-531x600.jpg\" alt=\"\" width=\"500\" height=\"565\" srcset=\"https:\/\/www.dagmar-venohr.de\/wordpress652\/wp-content\/uploads\/2019\/12\/IMG_0176-531x600.jpg 531w, https:\/\/www.dagmar-venohr.de\/wordpress652\/wp-content\/uploads\/2019\/12\/IMG_0176-181x204.jpg 181w, https:\/\/www.dagmar-venohr.de\/wordpress652\/wp-content\/uploads\/2019\/12\/IMG_0176-906x1024.jpg 906w\" sizes=\"auto, (max-width: 500px) 100vw, 500px\" \/><\/p>\n<p>&#8222;Begehren ist die treibende und anziehende Kraft, die von Selbstaffirmation und der Transformation negativer in freudige Leidenschaften angespornt wird. Es handelt sich nicht um das Begehren, etwas zu bewahren, sondern um das Begehren, etwas zu ver\u00e4ndern: eine tiefe Sehnsucht nach Wandlung oder ein Prozess der Affirmation. Empathie und Mitgef\u00fchl sind Schl\u00fcsself\u00e4higkeiten dieser nomadischen Sehnsucht nach tiefgreifendem Wandel. Der Raum des Werdens ist ein Raum der Affinit\u00e4t und Korrelation von Elementen, von miteinander kompatiblen und sich gegenseitig anziehenden Kr\u00e4ften und den konstitutiven Elementen des Prozesses.<img loading=\"lazy\" decoding=\"async\" class=\"alignnone wp-image-903\" src=\"http:\/\/www.dagmar-venohr.de\/wordpress498\/wp-content\/uploads\/2019\/12\/IMG_0177-600x467.jpg\" alt=\"\" width=\"499\" height=\"388\" srcset=\"https:\/\/www.dagmar-venohr.de\/wordpress652\/wp-content\/uploads\/2019\/12\/IMG_0177-600x467.jpg 600w, https:\/\/www.dagmar-venohr.de\/wordpress652\/wp-content\/uploads\/2019\/12\/IMG_0177-262x204.jpg 262w, https:\/\/www.dagmar-venohr.de\/wordpress652\/wp-content\/uploads\/2019\/12\/IMG_0177-1024x798.jpg 1024w\" sizes=\"auto, (max-width: 499px) 100vw, 499px\" \/><\/p>\n<p>N\u00e4he, das hei\u00dft Anziehung und intellektuelle Sympathie, ist sowohl ein topologischer als auch ein qualitativer Begriff: eine Frage der ethischen Temperatur. N\u00e4he bildet den affektiven Rahmen f\u00fcr das Werden von Subjekten als empfindsamer oder intelligenter Materie. Die Affektivit\u00e4t der Vorstellungskraft ist der Motor dieser Begegnungen und der konzeptionellen Kreativit\u00e4t, die diese Begegnungen ausl\u00f6sen. Sie ist eine transformierende Kraft, die vielfache und heterogene &#8218;Werden&#8216; des Subjekts vorantreibt.&#8220;<\/p>\n<p><em>Rosi Braidotti<\/em><\/p>\n<p>&nbsp;<\/p>\n","protected":false},"excerpt":{"rendered":"<p>&#8222;Begehren ist die treibende und anziehende Kraft, die von Selbstaffirmation und der Transformation negativer in freudige Leidenschaften angespornt wird. Es handelt sich nicht um das Begehren, etwas zu bewahren, sondern um das Begehren, etwas zu ver\u00e4ndern: eine tiefe Sehnsucht nach Wandlung oder ein Prozess der Affirmation. Empathie und Mitgef\u00fchl sind Schl\u00fcsself\u00e4higkeiten dieser nomadischen Sehnsucht nach [&hellip;]<\/p>\n","protected":false},"author":1,"featured_media":0,"parent":0,"menu_order":4,"comment_status":"closed","ping_status":"closed","template":"","meta":{"footnotes":""},"class_list":["post-914","page","type-page","status-publish","hentry"],"_links":{"self":[{"href":"https:\/\/www.dagmar-venohr.de\/wordpress652\/index.php?rest_route=\/wp\/v2\/pages\/914","targetHints":{"allow":["GET"]}}],"collection":[{"href":"https:\/\/www.dagmar-venohr.de\/wordpress652\/index.php?rest_route=\/wp\/v2\/pages"}],"about":[{"href":"https:\/\/www.dagmar-venohr.de\/wordpress652\/index.php?rest_route=\/wp\/v2\/types\/page"}],"author":[{"embeddable":true,"href":"https:\/\/www.dagmar-venohr.de\/wordpress652\/index.php?rest_route=\/wp\/v2\/users\/1"}],"replies":[{"embeddable":true,"href":"https:\/\/www.dagmar-venohr.de\/wordpress652\/index.php?rest_route=%2Fwp%2Fv2%2Fcomments&post=914"}],"version-history":[{"count":1,"href":"https:\/\/www.dagmar-venohr.de\/wordpress652\/index.php?rest_route=\/wp\/v2\/pages\/914\/revisions"}],"predecessor-version":[{"id":915,"href":"https:\/\/www.dagmar-venohr.de\/wordpress652\/index.php?rest_route=\/wp\/v2\/pages\/914\/revisions\/915"}],"wp:attachment":[{"href":"https:\/\/www.dagmar-venohr.de\/wordpress652\/index.php?rest_route=%2Fwp%2Fv2%2Fmedia&parent=914"}],"curies":[{"name":"wp","href":"https:\/\/api.w.org\/{rel}","templated":true}]}}